{"id":38,"date":"2019-07-08T19:56:06","date_gmt":"2019-07-08T17:56:06","guid":{"rendered":"http:\/\/www.stirl.net\/bkw-k\/?page_id=38"},"modified":"2020-03-22T15:20:26","modified_gmt":"2020-03-22T14:20:26","slug":"maschinenhalle","status":"publish","type":"page","link":"https:\/\/www.historisches-bahnwasserkraftwerk-kammerl.de\/?page_id=38","title":{"rendered":"Maschinenhalle"},"content":{"rendered":"\n<p>Die stillgelegte historische Maschinenhalle ist mit drei Maschinens\u00e4tzen ausgestattet. Diese bestehen jeweils aus einer Francis-Spiral-Turbine sowie je einem angeflanschten Generator f\u00fcr 16,7 Hz Bahnstrom und einem Generator f\u00fcr Haushaltsstrom. Aus Letzerem wurde der elektrotechnische Teil entfernt und lief zuletzt als Schwungmasse mit. Die Gesamtleistung betr\u00e4gt etwa 1 MW.<br><\/p>\n\n\n\n<figure class=\"wp-block-gallery columns-2 is-cropped wp-block-gallery-1 is-layout-flex wp-block-gallery-is-layout-flex\"><ul class=\"blocks-gallery-grid\"><li class=\"blocks-gallery-item\"><figure><img loading=\"lazy\" decoding=\"async\" width=\"1024\" height=\"768\" src=\"https:\/\/www.historisches-bahnwasserkraftwerk-kammerl.de\/wp-content\/uploads\/2019\/09\/20190904_123534-1024x768.jpg\" alt=\"\" data-id=\"70\" data-full-url=\"https:\/\/www.historisches-bahnwasserkraftwerk-kammerl.de\/wp-content\/uploads\/2019\/09\/20190904_123534.jpg\" data-link=\"https:\/\/www.historisches-bahnwasserkraftwerk-kammerl.de\/?attachment_id=70\" class=\"wp-image-70\" srcset=\"https:\/\/www.historisches-bahnwasserkraftwerk-kammerl.de\/wp-content\/uploads\/2019\/09\/20190904_123534-1024x768.jpg 1024w, https:\/\/www.historisches-bahnwasserkraftwerk-kammerl.de\/wp-content\/uploads\/2019\/09\/20190904_123534-300x225.jpg 300w, https:\/\/www.historisches-bahnwasserkraftwerk-kammerl.de\/wp-content\/uploads\/2019\/09\/20190904_123534-768x576.jpg 768w, https:\/\/www.historisches-bahnwasserkraftwerk-kammerl.de\/wp-content\/uploads\/2019\/09\/20190904_123534-150x113.jpg 150w\" sizes=\"auto, (max-width: 799px) 94vw, (max-width: 1023px) 67vw, (max-width: 1365px) 62vw, 1037\" \/><\/figure><\/li><li class=\"blocks-gallery-item\"><figure><img loading=\"lazy\" decoding=\"async\" width=\"1024\" height=\"768\" src=\"https:\/\/www.historisches-bahnwasserkraftwerk-kammerl.de\/wp-content\/uploads\/2019\/09\/20190904_123929-1024x768.jpg\" alt=\"\" data-id=\"79\" data-full-url=\"https:\/\/www.historisches-bahnwasserkraftwerk-kammerl.de\/wp-content\/uploads\/2019\/09\/20190904_123929.jpg\" data-link=\"https:\/\/www.historisches-bahnwasserkraftwerk-kammerl.de\/?attachment_id=79\" class=\"wp-image-79\" srcset=\"https:\/\/www.historisches-bahnwasserkraftwerk-kammerl.de\/wp-content\/uploads\/2019\/09\/20190904_123929-1024x768.jpg 1024w, https:\/\/www.historisches-bahnwasserkraftwerk-kammerl.de\/wp-content\/uploads\/2019\/09\/20190904_123929-300x225.jpg 300w, https:\/\/www.historisches-bahnwasserkraftwerk-kammerl.de\/wp-content\/uploads\/2019\/09\/20190904_123929-768x576.jpg 768w, https:\/\/www.historisches-bahnwasserkraftwerk-kammerl.de\/wp-content\/uploads\/2019\/09\/20190904_123929-150x113.jpg 150w\" sizes=\"auto, (max-width: 799px) 94vw, (max-width: 1023px) 67vw, (max-width: 1365px) 62vw, 1037\" \/><\/figure><\/li><\/ul><\/figure>\n\n\n\n<p>Zus\u00e4tzlich befindet sich in der Maschinenhalle noch eine kleine Hausturbine, die den Energiebedarf des Kraftwerks abdeckte. <\/p>\n\n\n\n<figure class=\"wp-block-image size-large\"><img loading=\"lazy\" decoding=\"async\" width=\"1024\" height=\"768\" src=\"https:\/\/www.historisches-bahnwasserkraftwerk-kammerl.de\/wp-content\/uploads\/2019\/09\/20190904_123551-1024x768.jpg\" alt=\"\" class=\"wp-image-71\" srcset=\"https:\/\/www.historisches-bahnwasserkraftwerk-kammerl.de\/wp-content\/uploads\/2019\/09\/20190904_123551-1024x768.jpg 1024w, https:\/\/www.historisches-bahnwasserkraftwerk-kammerl.de\/wp-content\/uploads\/2019\/09\/20190904_123551-300x225.jpg 300w, https:\/\/www.historisches-bahnwasserkraftwerk-kammerl.de\/wp-content\/uploads\/2019\/09\/20190904_123551-768x576.jpg 768w, https:\/\/www.historisches-bahnwasserkraftwerk-kammerl.de\/wp-content\/uploads\/2019\/09\/20190904_123551-150x113.jpg 150w\" sizes=\"auto, (max-width: 799px) 94vw, (max-width: 1023px) 67vw, (max-width: 1365px) 62vw, 1037\" \/><\/figure>\n\n\n\n<p>Der neue Kraftwerksbau mit einer Axialturbine und 50 Hz Drehstromgenerator (nicht zug\u00e4nglich) erzeugt eine Leistung von etwa 1,2 MW.<\/p>\n","protected":false},"excerpt":{"rendered":"<p>Die stillgelegte historische Maschinenhalle ist mit drei Maschinens\u00e4tzen ausgestattet. Diese bestehen jeweils aus einer Francis-Spiral-Turbine sowie je einem angeflanschten Generator &hellip; <a href=\"https:\/\/www.historisches-bahnwasserkraftwerk-kammerl.de\/?page_id=38\" class=\"more-link\"><span class=\"more-button\">Continue reading &gt;<span class=\"screen-reader-text\">Maschinenhalle<\/span><\/span><\/a><\/p>\n","protected":false},"author":1,"featured_media":0,"parent":0,"menu_order":0,"comment_status":"closed","ping_status":"closed","template":"","meta":{"footnotes":""},"class_list":["post-38","page","type-page","status-publish","hentry"],"yoast_head":"<!-- This site is optimized with the Yoast SEO plugin v27.5 - https:\/\/yoast.com\/product\/yoast-seo-wordpress\/ -->\n<title>Maschinenhalle - F\u00f6rderverein historisches Bahn-Wasserkraftwerk Kammerl e.V.<\/title>\n<meta name=\"robots\" content=\"index, follow, max-snippet:-1, max-image-preview:large, max-video-preview:-1\" \/>\n<link rel=\"canonical\" href=\"https:\/\/www.historisches-bahnwasserkraftwerk-kammerl.de\/?page_id=38\" \/>\n<meta property=\"og:locale\" content=\"de_DE\" \/>\n<meta property=\"og:type\" content=\"article\" \/>\n<meta property=\"og:title\" content=\"Maschinenhalle - F\u00f6rderverein historisches Bahn-Wasserkraftwerk Kammerl e.V.\" \/>\n<meta property=\"og:description\" content=\"Die stillgelegte historische Maschinenhalle ist mit drei Maschinens\u00e4tzen ausgestattet. Diese bestehen jeweils aus einer Francis-Spiral-Turbine sowie je einem angeflanschten Generator &hellip; Continue reading &gt;Maschinenhalle\" \/>\n<meta property=\"og:url\" content=\"https:\/\/www.historisches-bahnwasserkraftwerk-kammerl.de\/?page_id=38\" \/>\n<meta property=\"og:site_name\" content=\"F\u00f6rderverein historisches Bahn-Wasserkraftwerk Kammerl e.V.\" \/>\n<meta property=\"article:modified_time\" content=\"2020-03-22T14:20:26+00:00\" \/>\n<meta property=\"og:image\" content=\"https:\/\/www.historisches-bahnwasserkraftwerk-kammerl.de\/wp-content\/uploads\/2019\/09\/20190904_123534-1024x768.jpg\" \/>\n<meta name=\"twitter:card\" content=\"summary_large_image\" \/>\n<script type=\"application\/ld+json\" class=\"yoast-schema-graph\">{\"@context\":\"https:\\\/\\\/schema.org\",\"@graph\":[{\"@type\":\"WebPage\",\"@id\":\"https:\\\/\\\/www.historisches-bahnwasserkraftwerk-kammerl.de\\\/?page_id=38\",\"url\":\"https:\\\/\\\/www.historisches-bahnwasserkraftwerk-kammerl.de\\\/?page_id=38\",\"name\":\"Maschinenhalle - F\u00f6rderverein historisches Bahn-Wasserkraftwerk Kammerl e.V.\",\"isPartOf\":{\"@id\":\"https:\\\/\\\/www.historisches-bahnwasserkraftwerk-kammerl.de\\\/#website\"},\"primaryImageOfPage\":{\"@id\":\"https:\\\/\\\/www.historisches-bahnwasserkraftwerk-kammerl.de\\\/?page_id=38#primaryimage\"},\"image\":{\"@id\":\"https:\\\/\\\/www.historisches-bahnwasserkraftwerk-kammerl.de\\\/?page_id=38#primaryimage\"},\"thumbnailUrl\":\"https:\\\/\\\/www.historisches-bahnwasserkraftwerk-kammerl.de\\\/wp-content\\\/uploads\\\/2019\\\/09\\\/20190904_123534-1024x768.jpg\",\"datePublished\":\"2019-07-08T17:56:06+00:00\",\"dateModified\":\"2020-03-22T14:20:26+00:00\",\"breadcrumb\":{\"@id\":\"https:\\\/\\\/www.historisches-bahnwasserkraftwerk-kammerl.de\\\/?page_id=38#breadcrumb\"},\"inLanguage\":\"de\",\"potentialAction\":[{\"@type\":\"ReadAction\",\"target\":[\"https:\\\/\\\/www.historisches-bahnwasserkraftwerk-kammerl.de\\\/?page_id=38\"]}]},{\"@type\":\"ImageObject\",\"inLanguage\":\"de\",\"@id\":\"https:\\\/\\\/www.historisches-bahnwasserkraftwerk-kammerl.de\\\/?page_id=38#primaryimage\",\"url\":\"https:\\\/\\\/www.historisches-bahnwasserkraftwerk-kammerl.de\\\/wp-content\\\/uploads\\\/2019\\\/09\\\/20190904_123534.jpg\",\"contentUrl\":\"https:\\\/\\\/www.historisches-bahnwasserkraftwerk-kammerl.de\\\/wp-content\\\/uploads\\\/2019\\\/09\\\/20190904_123534.jpg\",\"width\":4032,\"height\":3024},{\"@type\":\"BreadcrumbList\",\"@id\":\"https:\\\/\\\/www.historisches-bahnwasserkraftwerk-kammerl.de\\\/?page_id=38#breadcrumb\",\"itemListElement\":[{\"@type\":\"ListItem\",\"position\":1,\"name\":\"Startseite\",\"item\":\"https:\\\/\\\/www.historisches-bahnwasserkraftwerk-kammerl.de\\\/\"},{\"@type\":\"ListItem\",\"position\":2,\"name\":\"Maschinenhalle\"}]},{\"@type\":\"WebSite\",\"@id\":\"https:\\\/\\\/www.historisches-bahnwasserkraftwerk-kammerl.de\\\/#website\",\"url\":\"https:\\\/\\\/www.historisches-bahnwasserkraftwerk-kammerl.de\\\/\",\"name\":\"F\u00f6rderverein historisches Bahnwasserkraftwerk Kammerl e.V.\",\"description\":\"\",\"publisher\":{\"@id\":\"https:\\\/\\\/www.historisches-bahnwasserkraftwerk-kammerl.de\\\/#\\\/schema\\\/person\\\/a18f442131b7bc4e5e1d6b7890c31baf\"},\"potentialAction\":[{\"@type\":\"SearchAction\",\"target\":{\"@type\":\"EntryPoint\",\"urlTemplate\":\"https:\\\/\\\/www.historisches-bahnwasserkraftwerk-kammerl.de\\\/?s={search_term_string}\"},\"query-input\":{\"@type\":\"PropertyValueSpecification\",\"valueRequired\":true,\"valueName\":\"search_term_string\"}}],\"inLanguage\":\"de\"},{\"@type\":[\"Person\",\"Organization\"],\"@id\":\"https:\\\/\\\/www.historisches-bahnwasserkraftwerk-kammerl.de\\\/#\\\/schema\\\/person\\\/a18f442131b7bc4e5e1d6b7890c31baf\",\"name\":\"Webmaster\",\"image\":{\"@type\":\"ImageObject\",\"inLanguage\":\"de\",\"@id\":\"https:\\\/\\\/www.historisches-bahnwasserkraftwerk-kammerl.de\\\/wp-content\\\/uploads\\\/2026\\\/03\\\/cropped-FV-Kammerl_Logo_neu-1.png\",\"url\":\"https:\\\/\\\/www.historisches-bahnwasserkraftwerk-kammerl.de\\\/wp-content\\\/uploads\\\/2026\\\/03\\\/cropped-FV-Kammerl_Logo_neu-1.png\",\"contentUrl\":\"https:\\\/\\\/www.historisches-bahnwasserkraftwerk-kammerl.de\\\/wp-content\\\/uploads\\\/2026\\\/03\\\/cropped-FV-Kammerl_Logo_neu-1.png\",\"width\":300,\"height\":79,\"caption\":\"Webmaster\"},\"logo\":{\"@id\":\"https:\\\/\\\/www.historisches-bahnwasserkraftwerk-kammerl.de\\\/wp-content\\\/uploads\\\/2026\\\/03\\\/cropped-FV-Kammerl_Logo_neu-1.png\"}}]}<\/script>\n<!-- \/ Yoast SEO plugin. -->","yoast_head_json":{"title":"Maschinenhalle - F\u00f6rderverein historisches Bahn-Wasserkraftwerk Kammerl e.V.","robots":{"index":"index","follow":"follow","max-snippet":"max-snippet:-1","max-image-preview":"max-image-preview:large","max-video-preview":"max-video-preview:-1"},"canonical":"https:\/\/www.historisches-bahnwasserkraftwerk-kammerl.de\/?page_id=38","og_locale":"de_DE","og_type":"article","og_title":"Maschinenhalle - F\u00f6rderverein historisches Bahn-Wasserkraftwerk Kammerl e.V.","og_description":"Die stillgelegte historische Maschinenhalle ist mit drei Maschinens\u00e4tzen ausgestattet. Diese bestehen jeweils aus einer Francis-Spiral-Turbine sowie je einem angeflanschten Generator &hellip; Continue reading &gt;Maschinenhalle","og_url":"https:\/\/www.historisches-bahnwasserkraftwerk-kammerl.de\/?page_id=38","og_site_name":"F\u00f6rderverein historisches Bahn-Wasserkraftwerk Kammerl e.V.","article_modified_time":"2020-03-22T14:20:26+00:00","og_image":[{"url":"https:\/\/www.historisches-bahnwasserkraftwerk-kammerl.de\/wp-content\/uploads\/2019\/09\/20190904_123534-1024x768.jpg","type":"","width":"","height":""}],"twitter_card":"summary_large_image","schema":{"@context":"https:\/\/schema.org","@graph":[{"@type":"WebPage","@id":"https:\/\/www.historisches-bahnwasserkraftwerk-kammerl.de\/?page_id=38","url":"https:\/\/www.historisches-bahnwasserkraftwerk-kammerl.de\/?page_id=38","name":"Maschinenhalle - F\u00f6rderverein historisches Bahn-Wasserkraftwerk Kammerl e.V.","isPartOf":{"@id":"https:\/\/www.historisches-bahnwasserkraftwerk-kammerl.de\/#website"},"primaryImageOfPage":{"@id":"https:\/\/www.historisches-bahnwasserkraftwerk-kammerl.de\/?page_id=38#primaryimage"},"image":{"@id":"https:\/\/www.historisches-bahnwasserkraftwerk-kammerl.de\/?page_id=38#primaryimage"},"thumbnailUrl":"https:\/\/www.historisches-bahnwasserkraftwerk-kammerl.de\/wp-content\/uploads\/2019\/09\/20190904_123534-1024x768.jpg","datePublished":"2019-07-08T17:56:06+00:00","dateModified":"2020-03-22T14:20:26+00:00","breadcrumb":{"@id":"https:\/\/www.historisches-bahnwasserkraftwerk-kammerl.de\/?page_id=38#breadcrumb"},"inLanguage":"de","potentialAction":[{"@type":"ReadAction","target":["https:\/\/www.historisches-bahnwasserkraftwerk-kammerl.de\/?page_id=38"]}]},{"@type":"ImageObject","inLanguage":"de","@id":"https:\/\/www.historisches-bahnwasserkraftwerk-kammerl.de\/?page_id=38#primaryimage","url":"https:\/\/www.historisches-bahnwasserkraftwerk-kammerl.de\/wp-content\/uploads\/2019\/09\/20190904_123534.jpg","contentUrl":"https:\/\/www.historisches-bahnwasserkraftwerk-kammerl.de\/wp-content\/uploads\/2019\/09\/20190904_123534.jpg","width":4032,"height":3024},{"@type":"BreadcrumbList","@id":"https:\/\/www.historisches-bahnwasserkraftwerk-kammerl.de\/?page_id=38#breadcrumb","itemListElement":[{"@type":"ListItem","position":1,"name":"Startseite","item":"https:\/\/www.historisches-bahnwasserkraftwerk-kammerl.de\/"},{"@type":"ListItem","position":2,"name":"Maschinenhalle"}]},{"@type":"WebSite","@id":"https:\/\/www.historisches-bahnwasserkraftwerk-kammerl.de\/#website","url":"https:\/\/www.historisches-bahnwasserkraftwerk-kammerl.de\/","name":"F\u00f6rderverein historisches Bahnwasserkraftwerk Kammerl e.V.","description":"","publisher":{"@id":"https:\/\/www.historisches-bahnwasserkraftwerk-kammerl.de\/#\/schema\/person\/a18f442131b7bc4e5e1d6b7890c31baf"},"potentialAction":[{"@type":"SearchAction","target":{"@type":"EntryPoint","urlTemplate":"https:\/\/www.historisches-bahnwasserkraftwerk-kammerl.de\/?s={search_term_string}"},"query-input":{"@type":"PropertyValueSpecification","valueRequired":true,"valueName":"search_term_string"}}],"inLanguage":"de"},{"@type":["Person","Organization"],"@id":"https:\/\/www.historisches-bahnwasserkraftwerk-kammerl.de\/#\/schema\/person\/a18f442131b7bc4e5e1d6b7890c31baf","name":"Webmaster","image":{"@type":"ImageObject","inLanguage":"de","@id":"https:\/\/www.historisches-bahnwasserkraftwerk-kammerl.de\/wp-content\/uploads\/2026\/03\/cropped-FV-Kammerl_Logo_neu-1.png","url":"https:\/\/www.historisches-bahnwasserkraftwerk-kammerl.de\/wp-content\/uploads\/2026\/03\/cropped-FV-Kammerl_Logo_neu-1.png","contentUrl":"https:\/\/www.historisches-bahnwasserkraftwerk-kammerl.de\/wp-content\/uploads\/2026\/03\/cropped-FV-Kammerl_Logo_neu-1.png","width":300,"height":79,"caption":"Webmaster"},"logo":{"@id":"https:\/\/www.historisches-bahnwasserkraftwerk-kammerl.de\/wp-content\/uploads\/2026\/03\/cropped-FV-Kammerl_Logo_neu-1.png"}}]}},"_links":{"self":[{"href":"https:\/\/www.historisches-bahnwasserkraftwerk-kammerl.de\/index.php?rest_route=\/wp\/v2\/pages\/38","targetHints":{"allow":["GET"]}}],"collection":[{"href":"https:\/\/www.historisches-bahnwasserkraftwerk-kammerl.de\/index.php?rest_route=\/wp\/v2\/pages"}],"about":[{"href":"https:\/\/www.historisches-bahnwasserkraftwerk-kammerl.de\/index.php?rest_route=\/wp\/v2\/types\/page"}],"author":[{"embeddable":true,"href":"https:\/\/www.historisches-bahnwasserkraftwerk-kammerl.de\/index.php?rest_route=\/wp\/v2\/users\/1"}],"replies":[{"embeddable":true,"href":"https:\/\/www.historisches-bahnwasserkraftwerk-kammerl.de\/index.php?rest_route=%2Fwp%2Fv2%2Fcomments&post=38"}],"version-history":[{"count":5,"href":"https:\/\/www.historisches-bahnwasserkraftwerk-kammerl.de\/index.php?rest_route=\/wp\/v2\/pages\/38\/revisions"}],"predecessor-version":[{"id":214,"href":"https:\/\/www.historisches-bahnwasserkraftwerk-kammerl.de\/index.php?rest_route=\/wp\/v2\/pages\/38\/revisions\/214"}],"wp:attachment":[{"href":"https:\/\/www.historisches-bahnwasserkraftwerk-kammerl.de\/index.php?rest_route=%2Fwp%2Fv2%2Fmedia&parent=38"}],"curies":[{"name":"wp","href":"https:\/\/api.w.org\/{rel}","templated":true}]}}