{"id":27,"date":"2019-07-07T19:34:58","date_gmt":"2019-07-07T17:34:58","guid":{"rendered":"http:\/\/www.stirl.net\/bkw-k\/?page_id=27"},"modified":"2020-03-22T11:59:18","modified_gmt":"2020-03-22T10:59:18","slug":"das-denkmalensemble","status":"publish","type":"page","link":"https:\/\/www.historisches-bahnwasserkraftwerk-kammerl.de\/?page_id=27","title":{"rendered":"Das Denkmalensemble"},"content":{"rendered":"\n<p>Das Denkmalensemble besteht haupts\u00e4chlich aus folgenden Anlagenteilen:<\/p>\n\n\n\n<ul class=\"wp-block-list\"><li><a href=\"https:\/\/www.historisches-bahnwasserkraftwerk-kammerl.de\/?page_id=200\">Wasserbau<\/a><\/li><li><a href=\"https:\/\/www.historisches-bahnwasserkraftwerk-kammerl.de\/?page_id=38\">Maschinen- und Elektrotechnik<\/a><\/li><\/ul>\n\n\n\n<p>Zudem finden sich auf dem Gel\u00e4nde des Denkmals noch ein Wohnhaus sowie ein Waschhaus.<\/p>\n","protected":false},"excerpt":{"rendered":"<p>Das Denkmalensemble besteht haupts\u00e4chlich aus folgenden Anlagenteilen: Wasserbau Maschinen- und Elektrotechnik Zudem finden sich auf dem Gel\u00e4nde des Denkmals noch &hellip; <a href=\"https:\/\/www.historisches-bahnwasserkraftwerk-kammerl.de\/?page_id=27\" class=\"more-link\"><span class=\"more-button\">Continue reading &gt;<span class=\"screen-reader-text\">Das Denkmalensemble<\/span><\/span><\/a><\/p>\n","protected":false},"author":1,"featured_media":0,"parent":0,"menu_order":0,"comment_status":"closed","ping_status":"closed","template":"","meta":{"footnotes":""},"class_list":["post-27","page","type-page","status-publish","hentry"],"yoast_head":"<!-- This site is optimized with the Yoast SEO plugin v27.4 - https:\/\/yoast.com\/product\/yoast-seo-wordpress\/ -->\n<title>Das Denkmalensemble - F\u00f6rderverein historisches Bahn-Wasserkraftwerk Kammerl e.V.<\/title>\n<meta name=\"robots\" content=\"index, follow, max-snippet:-1, max-image-preview:large, max-video-preview:-1\" \/>\n<link rel=\"canonical\" href=\"https:\/\/www.historisches-bahnwasserkraftwerk-kammerl.de\/?page_id=27\" \/>\n<meta property=\"og:locale\" content=\"de_DE\" \/>\n<meta property=\"og:type\" content=\"article\" \/>\n<meta property=\"og:title\" content=\"Das Denkmalensemble - F\u00f6rderverein historisches Bahn-Wasserkraftwerk Kammerl e.V.\" \/>\n<meta property=\"og:description\" content=\"Das Denkmalensemble besteht haupts\u00e4chlich aus folgenden Anlagenteilen: Wasserbau Maschinen- und Elektrotechnik Zudem finden sich auf dem Gel\u00e4nde des Denkmals noch &hellip; Continue reading &gt;Das Denkmalensemble\" \/>\n<meta property=\"og:url\" content=\"https:\/\/www.historisches-bahnwasserkraftwerk-kammerl.de\/?page_id=27\" \/>\n<meta property=\"og:site_name\" content=\"F\u00f6rderverein historisches Bahn-Wasserkraftwerk Kammerl e.V.\" \/>\n<meta property=\"article:modified_time\" content=\"2020-03-22T10:59:18+00:00\" \/>\n<meta name=\"twitter:card\" content=\"summary_large_image\" \/>\n<script type=\"application\/ld+json\" class=\"yoast-schema-graph\">{\"@context\":\"https:\\\/\\\/schema.org\",\"@graph\":[{\"@type\":\"WebPage\",\"@id\":\"https:\\\/\\\/www.historisches-bahnwasserkraftwerk-kammerl.de\\\/?page_id=27\",\"url\":\"https:\\\/\\\/www.historisches-bahnwasserkraftwerk-kammerl.de\\\/?page_id=27\",\"name\":\"Das Denkmalensemble - F\u00f6rderverein historisches Bahn-Wasserkraftwerk Kammerl e.V.\",\"isPartOf\":{\"@id\":\"https:\\\/\\\/www.historisches-bahnwasserkraftwerk-kammerl.de\\\/#website\"},\"datePublished\":\"2019-07-07T17:34:58+00:00\",\"dateModified\":\"2020-03-22T10:59:18+00:00\",\"breadcrumb\":{\"@id\":\"https:\\\/\\\/www.historisches-bahnwasserkraftwerk-kammerl.de\\\/?page_id=27#breadcrumb\"},\"inLanguage\":\"de\",\"potentialAction\":[{\"@type\":\"ReadAction\",\"target\":[\"https:\\\/\\\/www.historisches-bahnwasserkraftwerk-kammerl.de\\\/?page_id=27\"]}]},{\"@type\":\"BreadcrumbList\",\"@id\":\"https:\\\/\\\/www.historisches-bahnwasserkraftwerk-kammerl.de\\\/?page_id=27#breadcrumb\",\"itemListElement\":[{\"@type\":\"ListItem\",\"position\":1,\"name\":\"Startseite\",\"item\":\"https:\\\/\\\/www.historisches-bahnwasserkraftwerk-kammerl.de\\\/\"},{\"@type\":\"ListItem\",\"position\":2,\"name\":\"Das Denkmalensemble\"}]},{\"@type\":\"WebSite\",\"@id\":\"https:\\\/\\\/www.historisches-bahnwasserkraftwerk-kammerl.de\\\/#website\",\"url\":\"https:\\\/\\\/www.historisches-bahnwasserkraftwerk-kammerl.de\\\/\",\"name\":\"F\u00f6rderverein historisches Bahnwasserkraftwerk Kammerl e.V.\",\"description\":\"\",\"publisher\":{\"@id\":\"https:\\\/\\\/www.historisches-bahnwasserkraftwerk-kammerl.de\\\/#\\\/schema\\\/person\\\/a18f442131b7bc4e5e1d6b7890c31baf\"},\"potentialAction\":[{\"@type\":\"SearchAction\",\"target\":{\"@type\":\"EntryPoint\",\"urlTemplate\":\"https:\\\/\\\/www.historisches-bahnwasserkraftwerk-kammerl.de\\\/?s={search_term_string}\"},\"query-input\":{\"@type\":\"PropertyValueSpecification\",\"valueRequired\":true,\"valueName\":\"search_term_string\"}}],\"inLanguage\":\"de\"},{\"@type\":[\"Person\",\"Organization\"],\"@id\":\"https:\\\/\\\/www.historisches-bahnwasserkraftwerk-kammerl.de\\\/#\\\/schema\\\/person\\\/a18f442131b7bc4e5e1d6b7890c31baf\",\"name\":\"Webmaster\",\"image\":{\"@type\":\"ImageObject\",\"inLanguage\":\"de\",\"@id\":\"https:\\\/\\\/www.historisches-bahnwasserkraftwerk-kammerl.de\\\/wp-content\\\/uploads\\\/2026\\\/03\\\/cropped-FV-Kammerl_Logo_neu-1.png\",\"url\":\"https:\\\/\\\/www.historisches-bahnwasserkraftwerk-kammerl.de\\\/wp-content\\\/uploads\\\/2026\\\/03\\\/cropped-FV-Kammerl_Logo_neu-1.png\",\"contentUrl\":\"https:\\\/\\\/www.historisches-bahnwasserkraftwerk-kammerl.de\\\/wp-content\\\/uploads\\\/2026\\\/03\\\/cropped-FV-Kammerl_Logo_neu-1.png\",\"width\":300,\"height\":79,\"caption\":\"Webmaster\"},\"logo\":{\"@id\":\"https:\\\/\\\/www.historisches-bahnwasserkraftwerk-kammerl.de\\\/wp-content\\\/uploads\\\/2026\\\/03\\\/cropped-FV-Kammerl_Logo_neu-1.png\"}}]}<\/script>\n<!-- \/ Yoast SEO plugin. -->","yoast_head_json":{"title":"Das Denkmalensemble - F\u00f6rderverein historisches Bahn-Wasserkraftwerk Kammerl e.V.","robots":{"index":"index","follow":"follow","max-snippet":"max-snippet:-1","max-image-preview":"max-image-preview:large","max-video-preview":"max-video-preview:-1"},"canonical":"https:\/\/www.historisches-bahnwasserkraftwerk-kammerl.de\/?page_id=27","og_locale":"de_DE","og_type":"article","og_title":"Das Denkmalensemble - F\u00f6rderverein historisches Bahn-Wasserkraftwerk Kammerl e.V.","og_description":"Das Denkmalensemble besteht haupts\u00e4chlich aus folgenden Anlagenteilen: Wasserbau Maschinen- und Elektrotechnik Zudem finden sich auf dem Gel\u00e4nde des Denkmals noch &hellip; Continue reading &gt;Das Denkmalensemble","og_url":"https:\/\/www.historisches-bahnwasserkraftwerk-kammerl.de\/?page_id=27","og_site_name":"F\u00f6rderverein historisches Bahn-Wasserkraftwerk Kammerl e.V.","article_modified_time":"2020-03-22T10:59:18+00:00","twitter_card":"summary_large_image","schema":{"@context":"https:\/\/schema.org","@graph":[{"@type":"WebPage","@id":"https:\/\/www.historisches-bahnwasserkraftwerk-kammerl.de\/?page_id=27","url":"https:\/\/www.historisches-bahnwasserkraftwerk-kammerl.de\/?page_id=27","name":"Das Denkmalensemble - F\u00f6rderverein historisches Bahn-Wasserkraftwerk Kammerl e.V.","isPartOf":{"@id":"https:\/\/www.historisches-bahnwasserkraftwerk-kammerl.de\/#website"},"datePublished":"2019-07-07T17:34:58+00:00","dateModified":"2020-03-22T10:59:18+00:00","breadcrumb":{"@id":"https:\/\/www.historisches-bahnwasserkraftwerk-kammerl.de\/?page_id=27#breadcrumb"},"inLanguage":"de","potentialAction":[{"@type":"ReadAction","target":["https:\/\/www.historisches-bahnwasserkraftwerk-kammerl.de\/?page_id=27"]}]},{"@type":"BreadcrumbList","@id":"https:\/\/www.historisches-bahnwasserkraftwerk-kammerl.de\/?page_id=27#breadcrumb","itemListElement":[{"@type":"ListItem","position":1,"name":"Startseite","item":"https:\/\/www.historisches-bahnwasserkraftwerk-kammerl.de\/"},{"@type":"ListItem","position":2,"name":"Das Denkmalensemble"}]},{"@type":"WebSite","@id":"https:\/\/www.historisches-bahnwasserkraftwerk-kammerl.de\/#website","url":"https:\/\/www.historisches-bahnwasserkraftwerk-kammerl.de\/","name":"F\u00f6rderverein historisches Bahnwasserkraftwerk Kammerl e.V.","description":"","publisher":{"@id":"https:\/\/www.historisches-bahnwasserkraftwerk-kammerl.de\/#\/schema\/person\/a18f442131b7bc4e5e1d6b7890c31baf"},"potentialAction":[{"@type":"SearchAction","target":{"@type":"EntryPoint","urlTemplate":"https:\/\/www.historisches-bahnwasserkraftwerk-kammerl.de\/?s={search_term_string}"},"query-input":{"@type":"PropertyValueSpecification","valueRequired":true,"valueName":"search_term_string"}}],"inLanguage":"de"},{"@type":["Person","Organization"],"@id":"https:\/\/www.historisches-bahnwasserkraftwerk-kammerl.de\/#\/schema\/person\/a18f442131b7bc4e5e1d6b7890c31baf","name":"Webmaster","image":{"@type":"ImageObject","inLanguage":"de","@id":"https:\/\/www.historisches-bahnwasserkraftwerk-kammerl.de\/wp-content\/uploads\/2026\/03\/cropped-FV-Kammerl_Logo_neu-1.png","url":"https:\/\/www.historisches-bahnwasserkraftwerk-kammerl.de\/wp-content\/uploads\/2026\/03\/cropped-FV-Kammerl_Logo_neu-1.png","contentUrl":"https:\/\/www.historisches-bahnwasserkraftwerk-kammerl.de\/wp-content\/uploads\/2026\/03\/cropped-FV-Kammerl_Logo_neu-1.png","width":300,"height":79,"caption":"Webmaster"},"logo":{"@id":"https:\/\/www.historisches-bahnwasserkraftwerk-kammerl.de\/wp-content\/uploads\/2026\/03\/cropped-FV-Kammerl_Logo_neu-1.png"}}]}},"_links":{"self":[{"href":"https:\/\/www.historisches-bahnwasserkraftwerk-kammerl.de\/index.php?rest_route=\/wp\/v2\/pages\/27","targetHints":{"allow":["GET"]}}],"collection":[{"href":"https:\/\/www.historisches-bahnwasserkraftwerk-kammerl.de\/index.php?rest_route=\/wp\/v2\/pages"}],"about":[{"href":"https:\/\/www.historisches-bahnwasserkraftwerk-kammerl.de\/index.php?rest_route=\/wp\/v2\/types\/page"}],"author":[{"embeddable":true,"href":"https:\/\/www.historisches-bahnwasserkraftwerk-kammerl.de\/index.php?rest_route=\/wp\/v2\/users\/1"}],"replies":[{"embeddable":true,"href":"https:\/\/www.historisches-bahnwasserkraftwerk-kammerl.de\/index.php?rest_route=%2Fwp%2Fv2%2Fcomments&post=27"}],"version-history":[{"count":8,"href":"https:\/\/www.historisches-bahnwasserkraftwerk-kammerl.de\/index.php?rest_route=\/wp\/v2\/pages\/27\/revisions"}],"predecessor-version":[{"id":210,"href":"https:\/\/www.historisches-bahnwasserkraftwerk-kammerl.de\/index.php?rest_route=\/wp\/v2\/pages\/27\/revisions\/210"}],"wp:attachment":[{"href":"https:\/\/www.historisches-bahnwasserkraftwerk-kammerl.de\/index.php?rest_route=%2Fwp%2Fv2%2Fmedia&parent=27"}],"curies":[{"name":"wp","href":"https:\/\/api.w.org\/{rel}","templated":true}]}}