{"id":166,"date":"2019-10-26T18:20:57","date_gmt":"2019-10-26T16:20:57","guid":{"rendered":"http:\/\/www.historisches-bahnwasserkraftwerk-kammerl.de\/?page_id=166"},"modified":"2026-03-17T19:10:50","modified_gmt":"2026-03-17T18:10:50","slug":"lageplan-und-anfahrt","status":"publish","type":"page","link":"https:\/\/www.historisches-bahnwasserkraftwerk-kammerl.de\/?page_id=166","title":{"rendered":"Lageplan und Anfahrt"},"content":{"rendered":"\n<p>Das Ensemble des \u00e4ltesten Bahnstrom-Wasserkraftwerks mit verminderter Wechselfrequenz der Welt, zu dem die historische Maschinenhalle, das Arbeiterwohnhaus mit danebenliegendem Waschhaus und das neue Kavernenkraftwerk geh\u00f6ren, versteckt sich in idyllischer Landschaft am Eingang zur Ammerschlucht ca. 3 km westlich von Saulgrub.<\/p>\n\n\n\n<p>Anschrift:<br>Kammerl 1<br>82442 Saulgrub<br><br><\/p>\n\n\n\n<p>Anreise mit der Bahn:<br><br>Vom Bahnhof Saulgrub folgen Sie bitte dem Bahnhofweg etwa 50-60 Meter bis zur Ammergauer Stra\u00dfe.<br>Dort biegen Sie nach rechts ab und folgen dieser ca. 100 Meter. Dann biegen Sie nach links in die Achelestra\u00dfe ab und folgen dieser drei Kilometer.<br>Nachdem Sie am Ende der Stra\u00dfe die Br\u00fccke \u00fcber die Ammer \u00fcberquert haben, stehen Sie vor dem Kraftwerk Kammerl.<\/p>\n\n\n\n<p>Anreise mit dem Auto oder Fahrrad:<\/p>\n\n\n\n<p>Folgen Sie der Bundesstra\u00dfe B23 bis Saulgrub. Mit dem Rad w\u00e4hlen Sie bitte entsprechende verkehrs\u00e4rmere Alternativrouten nach Ihren Anspr\u00fcchen oder nutzen parallellaufende Wege.<br><br>Von Norden kommend verlassen Sie die B23 in die Rottenbucher Stra\u00dfe, die in die Ammergauer Stra\u00dfe \u00fcbergeht, und folgen dieser Strecke ca. einen Kilometer und biegen dann nach rechts in die Achelestra\u00dfe ab.<br><br>Von S\u00fcden kommend verlassen Sie die B23 in die Ammergauer Stra\u00dfe. Dieser folgen Sie ca. 700 Meter und biegen dann nach links in die Achelestra\u00dfe ab.<\/p>\n\n\n\n<p>Der Achelestra\u00dfe folgen Sie bitte etwa drei Kilometer. Vor der Br\u00fccke steht Ihnen auf der linken Stra\u00dfenseite ein Parkplatz zur Verf\u00fcgung. Bitte befahren Sie nicht die Br\u00fccke. Das Kraftwerk liegt in Sichtweite weniger als 200 Meter entfernt.<br>Mit dem Fahrrad d\u00fcrfen Sie nat\u00fcrlich bis zum Kraftwerk fahren.<br><br><br>Allgemeiner Hinweis: Die Achelestra\u00dfe ist relativ eng. Bitte nehmen Sie gegenseitig R\u00fccksicht auf andere Verkehrsteilnehmer, vor Allem auf Fu\u00dfg\u00e4nger, und passen Sie Ihre Geschwindigkeit an die Gegebenheiten an. Bleiben Sie notfalls stehen.<\/p>\n\n\n\n<p><br>Sollten Sie vor oder nach der Besichtigung des Kraftwerks eine St\u00e4rkung ben\u00f6tigen, kehren Sie z.B. hier ein:<\/p>\n\n\n\n<p><a href=\"https:\/\/www.wirtshaus-acheleschwaig.de\/\" target=\"_blank\" rel=\"noreferrer noopener\">Wirtshaus Hofgut Acheleschwaig<\/a><br>Acheleschwaig 1 (nach ca. 2 km direkt an der Stra\u00dfe zum Kraftwerk)<\/p>\n","protected":false},"excerpt":{"rendered":"<p>Das Ensemble des \u00e4ltesten Bahnstrom-Wasserkraftwerks mit verminderter Wechselfrequenz der Welt, zu dem die historische Maschinenhalle, das Arbeiterwohnhaus mit danebenliegendem Waschhaus &hellip; <a href=\"https:\/\/www.historisches-bahnwasserkraftwerk-kammerl.de\/?page_id=166\" class=\"more-link\"><span class=\"more-button\">Continue reading &gt;<span class=\"screen-reader-text\">Lageplan und Anfahrt<\/span><\/span><\/a><\/p>\n","protected":false},"author":1,"featured_media":0,"parent":0,"menu_order":0,"comment_status":"closed","ping_status":"closed","template":"","meta":{"footnotes":""},"class_list":["post-166","page","type-page","status-publish","hentry"],"yoast_head":"<!-- This site is optimized with the Yoast SEO plugin v27.4 - https:\/\/yoast.com\/product\/yoast-seo-wordpress\/ -->\n<title>Lageplan und Anfahrt - F\u00f6rderverein historisches Bahn-Wasserkraftwerk Kammerl e.V.<\/title>\n<meta name=\"robots\" content=\"index, follow, max-snippet:-1, max-image-preview:large, max-video-preview:-1\" \/>\n<link rel=\"canonical\" href=\"https:\/\/www.historisches-bahnwasserkraftwerk-kammerl.de\/?page_id=166\" \/>\n<meta property=\"og:locale\" content=\"de_DE\" \/>\n<meta property=\"og:type\" content=\"article\" \/>\n<meta property=\"og:title\" content=\"Lageplan und Anfahrt - F\u00f6rderverein historisches Bahn-Wasserkraftwerk Kammerl e.V.\" \/>\n<meta property=\"og:description\" content=\"Das Ensemble des \u00e4ltesten Bahnstrom-Wasserkraftwerks mit verminderter Wechselfrequenz der Welt, zu dem die historische Maschinenhalle, das Arbeiterwohnhaus mit danebenliegendem Waschhaus &hellip; Continue reading &gt;Lageplan und Anfahrt\" \/>\n<meta property=\"og:url\" content=\"https:\/\/www.historisches-bahnwasserkraftwerk-kammerl.de\/?page_id=166\" \/>\n<meta property=\"og:site_name\" content=\"F\u00f6rderverein historisches Bahn-Wasserkraftwerk Kammerl e.V.\" \/>\n<meta property=\"article:modified_time\" content=\"2026-03-17T18:10:50+00:00\" \/>\n<meta name=\"twitter:card\" content=\"summary_large_image\" \/>\n<meta name=\"twitter:label1\" content=\"Gesch\u00e4tzte Lesezeit\" \/>\n\t<meta name=\"twitter:data1\" content=\"2\u00a0Minuten\" \/>\n<script type=\"application\/ld+json\" class=\"yoast-schema-graph\">{\"@context\":\"https:\\\/\\\/schema.org\",\"@graph\":[{\"@type\":\"WebPage\",\"@id\":\"https:\\\/\\\/www.historisches-bahnwasserkraftwerk-kammerl.de\\\/?page_id=166\",\"url\":\"https:\\\/\\\/www.historisches-bahnwasserkraftwerk-kammerl.de\\\/?page_id=166\",\"name\":\"Lageplan und Anfahrt - F\u00f6rderverein historisches Bahn-Wasserkraftwerk Kammerl e.V.\",\"isPartOf\":{\"@id\":\"https:\\\/\\\/www.historisches-bahnwasserkraftwerk-kammerl.de\\\/#website\"},\"datePublished\":\"2019-10-26T16:20:57+00:00\",\"dateModified\":\"2026-03-17T18:10:50+00:00\",\"breadcrumb\":{\"@id\":\"https:\\\/\\\/www.historisches-bahnwasserkraftwerk-kammerl.de\\\/?page_id=166#breadcrumb\"},\"inLanguage\":\"de\",\"potentialAction\":[{\"@type\":\"ReadAction\",\"target\":[\"https:\\\/\\\/www.historisches-bahnwasserkraftwerk-kammerl.de\\\/?page_id=166\"]}]},{\"@type\":\"BreadcrumbList\",\"@id\":\"https:\\\/\\\/www.historisches-bahnwasserkraftwerk-kammerl.de\\\/?page_id=166#breadcrumb\",\"itemListElement\":[{\"@type\":\"ListItem\",\"position\":1,\"name\":\"Startseite\",\"item\":\"https:\\\/\\\/www.historisches-bahnwasserkraftwerk-kammerl.de\\\/\"},{\"@type\":\"ListItem\",\"position\":2,\"name\":\"Lageplan und Anfahrt\"}]},{\"@type\":\"WebSite\",\"@id\":\"https:\\\/\\\/www.historisches-bahnwasserkraftwerk-kammerl.de\\\/#website\",\"url\":\"https:\\\/\\\/www.historisches-bahnwasserkraftwerk-kammerl.de\\\/\",\"name\":\"F\u00f6rderverein historisches Bahnwasserkraftwerk Kammerl e.V.\",\"description\":\"\",\"publisher\":{\"@id\":\"https:\\\/\\\/www.historisches-bahnwasserkraftwerk-kammerl.de\\\/#\\\/schema\\\/person\\\/a18f442131b7bc4e5e1d6b7890c31baf\"},\"potentialAction\":[{\"@type\":\"SearchAction\",\"target\":{\"@type\":\"EntryPoint\",\"urlTemplate\":\"https:\\\/\\\/www.historisches-bahnwasserkraftwerk-kammerl.de\\\/?s={search_term_string}\"},\"query-input\":{\"@type\":\"PropertyValueSpecification\",\"valueRequired\":true,\"valueName\":\"search_term_string\"}}],\"inLanguage\":\"de\"},{\"@type\":[\"Person\",\"Organization\"],\"@id\":\"https:\\\/\\\/www.historisches-bahnwasserkraftwerk-kammerl.de\\\/#\\\/schema\\\/person\\\/a18f442131b7bc4e5e1d6b7890c31baf\",\"name\":\"Webmaster\",\"image\":{\"@type\":\"ImageObject\",\"inLanguage\":\"de\",\"@id\":\"https:\\\/\\\/www.historisches-bahnwasserkraftwerk-kammerl.de\\\/wp-content\\\/uploads\\\/2026\\\/03\\\/cropped-FV-Kammerl_Logo_neu-1.png\",\"url\":\"https:\\\/\\\/www.historisches-bahnwasserkraftwerk-kammerl.de\\\/wp-content\\\/uploads\\\/2026\\\/03\\\/cropped-FV-Kammerl_Logo_neu-1.png\",\"contentUrl\":\"https:\\\/\\\/www.historisches-bahnwasserkraftwerk-kammerl.de\\\/wp-content\\\/uploads\\\/2026\\\/03\\\/cropped-FV-Kammerl_Logo_neu-1.png\",\"width\":300,\"height\":79,\"caption\":\"Webmaster\"},\"logo\":{\"@id\":\"https:\\\/\\\/www.historisches-bahnwasserkraftwerk-kammerl.de\\\/wp-content\\\/uploads\\\/2026\\\/03\\\/cropped-FV-Kammerl_Logo_neu-1.png\"}}]}<\/script>\n<!-- \/ Yoast SEO plugin. -->","yoast_head_json":{"title":"Lageplan und Anfahrt - F\u00f6rderverein historisches Bahn-Wasserkraftwerk Kammerl e.V.","robots":{"index":"index","follow":"follow","max-snippet":"max-snippet:-1","max-image-preview":"max-image-preview:large","max-video-preview":"max-video-preview:-1"},"canonical":"https:\/\/www.historisches-bahnwasserkraftwerk-kammerl.de\/?page_id=166","og_locale":"de_DE","og_type":"article","og_title":"Lageplan und Anfahrt - F\u00f6rderverein historisches Bahn-Wasserkraftwerk Kammerl e.V.","og_description":"Das Ensemble des \u00e4ltesten Bahnstrom-Wasserkraftwerks mit verminderter Wechselfrequenz der Welt, zu dem die historische Maschinenhalle, das Arbeiterwohnhaus mit danebenliegendem Waschhaus &hellip; Continue reading &gt;Lageplan und Anfahrt","og_url":"https:\/\/www.historisches-bahnwasserkraftwerk-kammerl.de\/?page_id=166","og_site_name":"F\u00f6rderverein historisches Bahn-Wasserkraftwerk Kammerl e.V.","article_modified_time":"2026-03-17T18:10:50+00:00","twitter_card":"summary_large_image","twitter_misc":{"Gesch\u00e4tzte Lesezeit":"2\u00a0Minuten"},"schema":{"@context":"https:\/\/schema.org","@graph":[{"@type":"WebPage","@id":"https:\/\/www.historisches-bahnwasserkraftwerk-kammerl.de\/?page_id=166","url":"https:\/\/www.historisches-bahnwasserkraftwerk-kammerl.de\/?page_id=166","name":"Lageplan und Anfahrt - F\u00f6rderverein historisches Bahn-Wasserkraftwerk Kammerl e.V.","isPartOf":{"@id":"https:\/\/www.historisches-bahnwasserkraftwerk-kammerl.de\/#website"},"datePublished":"2019-10-26T16:20:57+00:00","dateModified":"2026-03-17T18:10:50+00:00","breadcrumb":{"@id":"https:\/\/www.historisches-bahnwasserkraftwerk-kammerl.de\/?page_id=166#breadcrumb"},"inLanguage":"de","potentialAction":[{"@type":"ReadAction","target":["https:\/\/www.historisches-bahnwasserkraftwerk-kammerl.de\/?page_id=166"]}]},{"@type":"BreadcrumbList","@id":"https:\/\/www.historisches-bahnwasserkraftwerk-kammerl.de\/?page_id=166#breadcrumb","itemListElement":[{"@type":"ListItem","position":1,"name":"Startseite","item":"https:\/\/www.historisches-bahnwasserkraftwerk-kammerl.de\/"},{"@type":"ListItem","position":2,"name":"Lageplan und Anfahrt"}]},{"@type":"WebSite","@id":"https:\/\/www.historisches-bahnwasserkraftwerk-kammerl.de\/#website","url":"https:\/\/www.historisches-bahnwasserkraftwerk-kammerl.de\/","name":"F\u00f6rderverein historisches Bahnwasserkraftwerk Kammerl e.V.","description":"","publisher":{"@id":"https:\/\/www.historisches-bahnwasserkraftwerk-kammerl.de\/#\/schema\/person\/a18f442131b7bc4e5e1d6b7890c31baf"},"potentialAction":[{"@type":"SearchAction","target":{"@type":"EntryPoint","urlTemplate":"https:\/\/www.historisches-bahnwasserkraftwerk-kammerl.de\/?s={search_term_string}"},"query-input":{"@type":"PropertyValueSpecification","valueRequired":true,"valueName":"search_term_string"}}],"inLanguage":"de"},{"@type":["Person","Organization"],"@id":"https:\/\/www.historisches-bahnwasserkraftwerk-kammerl.de\/#\/schema\/person\/a18f442131b7bc4e5e1d6b7890c31baf","name":"Webmaster","image":{"@type":"ImageObject","inLanguage":"de","@id":"https:\/\/www.historisches-bahnwasserkraftwerk-kammerl.de\/wp-content\/uploads\/2026\/03\/cropped-FV-Kammerl_Logo_neu-1.png","url":"https:\/\/www.historisches-bahnwasserkraftwerk-kammerl.de\/wp-content\/uploads\/2026\/03\/cropped-FV-Kammerl_Logo_neu-1.png","contentUrl":"https:\/\/www.historisches-bahnwasserkraftwerk-kammerl.de\/wp-content\/uploads\/2026\/03\/cropped-FV-Kammerl_Logo_neu-1.png","width":300,"height":79,"caption":"Webmaster"},"logo":{"@id":"https:\/\/www.historisches-bahnwasserkraftwerk-kammerl.de\/wp-content\/uploads\/2026\/03\/cropped-FV-Kammerl_Logo_neu-1.png"}}]}},"_links":{"self":[{"href":"https:\/\/www.historisches-bahnwasserkraftwerk-kammerl.de\/index.php?rest_route=\/wp\/v2\/pages\/166","targetHints":{"allow":["GET"]}}],"collection":[{"href":"https:\/\/www.historisches-bahnwasserkraftwerk-kammerl.de\/index.php?rest_route=\/wp\/v2\/pages"}],"about":[{"href":"https:\/\/www.historisches-bahnwasserkraftwerk-kammerl.de\/index.php?rest_route=\/wp\/v2\/types\/page"}],"author":[{"embeddable":true,"href":"https:\/\/www.historisches-bahnwasserkraftwerk-kammerl.de\/index.php?rest_route=\/wp\/v2\/users\/1"}],"replies":[{"embeddable":true,"href":"https:\/\/www.historisches-bahnwasserkraftwerk-kammerl.de\/index.php?rest_route=%2Fwp%2Fv2%2Fcomments&post=166"}],"version-history":[{"count":12,"href":"https:\/\/www.historisches-bahnwasserkraftwerk-kammerl.de\/index.php?rest_route=\/wp\/v2\/pages\/166\/revisions"}],"predecessor-version":[{"id":546,"href":"https:\/\/www.historisches-bahnwasserkraftwerk-kammerl.de\/index.php?rest_route=\/wp\/v2\/pages\/166\/revisions\/546"}],"wp:attachment":[{"href":"https:\/\/www.historisches-bahnwasserkraftwerk-kammerl.de\/index.php?rest_route=%2Fwp%2Fv2%2Fmedia&parent=166"}],"curies":[{"name":"wp","href":"https:\/\/api.w.org\/{rel}","templated":true}]}}