{"id":134,"date":"2019-09-15T15:31:06","date_gmt":"2019-09-15T13:31:06","guid":{"rendered":"http:\/\/www.historisches-bahnwasserkraftwerk-kammerl.de\/?page_id=134"},"modified":"2026-02-24T18:24:43","modified_gmt":"2026-02-24T17:24:43","slug":"impressum","status":"publish","type":"page","link":"https:\/\/www.historisches-bahnwasserkraftwerk-kammerl.de\/?page_id=134","title":{"rendered":"Impressum"},"content":{"rendered":"\n<p><br> Angaben gem\u00e4\u00df \u00a7 5 TMG<br> <\/p>\n\n\n\n<p>F\u00f6rderverein historisches Bahn-Wasserkraftwerk Kammerl e. V.<br>Gesch\u00e4ftsstelle:<br>Heubergstr. 10<br>82496 Oberau<br><\/p>\n\n\n\n<p>Vereinsregister: VR 208287<br> Registergericht: Amtsgericht M\u00fcnchen<br><\/p>\n\n\n\n<p>Vertreten durch:<br> Maria Filser<br> Franz Jocher<br> Dr. Martin Rothe<br><\/p>\n\n\n\n<p>Kontakt<br> E-Mail: info@historisches-bahnwasserkraftwerk-kammerl.de<br> <\/p>\n\n\n\n<p>Umsatzsteuer-ID<br> Umsatzsteuer-Identifikationsnummer gem\u00e4\u00df \u00a727 a Umsatzsteuergesetz:<br> 119\/108\/32052<br> Wir sind nicht bereit oder verpflichtet, an Streitbeilegungsverfahren vor einer<br> Verbraucherschlichtungsstelle teilzunehmen.<br><br><br> Haftung f\u00fcr Inhalte<br> Als Diensteanbieter sind wir gem\u00e4\u00df \u00a7 7 Abs.1 TMG f\u00fcr eigene Inhalte auf diesen Seiten nach den<br> allgemeinen Gesetzen verantwortlich. Nach \u00a7\u00a7 8 bis 10 TMG sind wir als Diensteanbieter jedoch nicht<br> verpflichtet, \u00fcbermittelte oder gespeicherte fremde Informationen zu \u00fcberwachen oder nach Umst\u00e4nden zu<br> forschen, die auf eine rechtswidrige T\u00e4tigkeit hinweisen.<br> Verpflichtungen zur Entfernung oder Sperrung der Nutzung von Informationen nach den allgemeinen<br> Gesetzen bleiben hiervon unber\u00fchrt. Eine diesbez\u00fcgliche Haftung ist jedoch erst ab dem Zeitpunkt der<br> Kenntnis einer konkreten Rechtsverletzung m\u00f6glich. Bei Bekanntwerden von entsprechenden<br> Rechtsverletzungen werden wir diese Inhalte umgehend entfernen.<br> <\/p>\n\n\n\n<p>Haftung f\u00fcr Links<br> Unser Angebot enth\u00e4lt Links zu externen Websites Dritter, auf deren Inhalte wir keinen Einfluss haben.<br> Deshalb k\u00f6nnen wir f\u00fcr diese fremden Inhalte auch keine Gew\u00e4hr \u00fcbernehmen. F\u00fcr die Inhalte der<br> verlinkten Seiten ist stets der jeweilige Anbieter oder Betreiber der Seiten verantwortlich. Die verlinkten<br> Seiten wurden zum Zeitpunkt der Verlinkung auf m\u00f6gliche Rechtsverst\u00f6\u00dfe \u00fcberpr\u00fcft. Rechtswidrige Inhalte<br> waren zum Zeitpunkt der Verlinkung nicht erkennbar.<br> Eine permanente inhaltliche Kontrolle der verlinkten Seiten ist jedoch ohne konkrete Anhaltspunkte einer<br> Rechtsverletzung nicht zumutbar. Bei Bekanntwerden von Rechtsverletzungen werden wir derartige Links<br> umgehend entfernen.<br> <\/p>\n\n\n\n<p>Urheberrecht<br> Die durch die Seitenbetreiber erstellten Inhalte und Werke auf diesen Seiten unterliegen dem deutschen<br> Urheberrecht. Die Vervielf\u00e4ltigung, Bearbeitung, Verbreitung und jede Art der Verwertung au\u00dferhalb der<br> Grenzen des Urheberrechtes bed\u00fcrfen der schriftlichen Zustimmung des jeweiligen Autors bzw. Erstellers.<br> Downloads und Kopien dieser Seite sind nur f\u00fcr den privaten, nicht kommerziellen Gebrauch gestattet.<br> Soweit die Inhalte auf dieser Seite nicht vom Betreiber erstellt wurden, werden die Urheberrechte Dritter<br> beachtet. Insbesondere werden Inhalte Dritter als solche gekennzeichnet. Sollten Sie trotzdem auf eine<br> Urheberrechtsverletzung aufmerksam werden, bitten wir um einen entsprechenden Hinweis. Bei<br> Bekanntwerden von Rechtsverletzungen werden wir derartige Inhalte umgehend entfernen.<br> <\/p>\n\n\n\n<p>Quelle:<br> e-recht24.de<br><\/p>\n","protected":false},"excerpt":{"rendered":"<p>Angaben gem\u00e4\u00df \u00a7 5 TMG F\u00f6rderverein historisches Bahn-Wasserkraftwerk Kammerl e. V.Gesch\u00e4ftsstelle:Heubergstr. 1082496 Oberau Vereinsregister: VR 208287 Registergericht: Amtsgericht M\u00fcnchen Vertreten &hellip; <a href=\"https:\/\/www.historisches-bahnwasserkraftwerk-kammerl.de\/?page_id=134\" class=\"more-link\"><span class=\"more-button\">Continue reading &gt;<span class=\"screen-reader-text\">Impressum<\/span><\/span><\/a><\/p>\n","protected":false},"author":1,"featured_media":0,"parent":0,"menu_order":0,"comment_status":"closed","ping_status":"closed","template":"","meta":{"footnotes":""},"class_list":["post-134","page","type-page","status-publish","hentry"],"yoast_head":"<!-- This site is optimized with the Yoast SEO plugin v27.5 - https:\/\/yoast.com\/product\/yoast-seo-wordpress\/ -->\n<title>Impressum - F\u00f6rderverein historisches Bahn-Wasserkraftwerk Kammerl e.V.<\/title>\n<meta name=\"robots\" content=\"index, follow, max-snippet:-1, max-image-preview:large, max-video-preview:-1\" \/>\n<link rel=\"canonical\" href=\"https:\/\/www.historisches-bahnwasserkraftwerk-kammerl.de\/?page_id=134\" \/>\n<meta property=\"og:locale\" content=\"de_DE\" \/>\n<meta property=\"og:type\" content=\"article\" \/>\n<meta property=\"og:title\" content=\"Impressum - F\u00f6rderverein historisches Bahn-Wasserkraftwerk Kammerl e.V.\" \/>\n<meta property=\"og:description\" content=\"Angaben gem\u00e4\u00df \u00a7 5 TMG F\u00f6rderverein historisches Bahn-Wasserkraftwerk Kammerl e. V.Gesch\u00e4ftsstelle:Heubergstr. 1082496 Oberau Vereinsregister: VR 208287 Registergericht: Amtsgericht M\u00fcnchen Vertreten &hellip; Continue reading &gt;Impressum\" \/>\n<meta property=\"og:url\" content=\"https:\/\/www.historisches-bahnwasserkraftwerk-kammerl.de\/?page_id=134\" \/>\n<meta property=\"og:site_name\" content=\"F\u00f6rderverein historisches Bahn-Wasserkraftwerk Kammerl e.V.\" \/>\n<meta property=\"article:modified_time\" content=\"2026-02-24T17:24:43+00:00\" \/>\n<meta name=\"twitter:card\" content=\"summary_large_image\" \/>\n<meta name=\"twitter:label1\" content=\"Gesch\u00e4tzte Lesezeit\" \/>\n\t<meta name=\"twitter:data1\" content=\"2\u00a0Minuten\" \/>\n<script type=\"application\/ld+json\" class=\"yoast-schema-graph\">{\"@context\":\"https:\\\/\\\/schema.org\",\"@graph\":[{\"@type\":\"WebPage\",\"@id\":\"https:\\\/\\\/www.historisches-bahnwasserkraftwerk-kammerl.de\\\/?page_id=134\",\"url\":\"https:\\\/\\\/www.historisches-bahnwasserkraftwerk-kammerl.de\\\/?page_id=134\",\"name\":\"Impressum - F\u00f6rderverein historisches Bahn-Wasserkraftwerk Kammerl e.V.\",\"isPartOf\":{\"@id\":\"https:\\\/\\\/www.historisches-bahnwasserkraftwerk-kammerl.de\\\/#website\"},\"datePublished\":\"2019-09-15T13:31:06+00:00\",\"dateModified\":\"2026-02-24T17:24:43+00:00\",\"breadcrumb\":{\"@id\":\"https:\\\/\\\/www.historisches-bahnwasserkraftwerk-kammerl.de\\\/?page_id=134#breadcrumb\"},\"inLanguage\":\"de\",\"potentialAction\":[{\"@type\":\"ReadAction\",\"target\":[\"https:\\\/\\\/www.historisches-bahnwasserkraftwerk-kammerl.de\\\/?page_id=134\"]}]},{\"@type\":\"BreadcrumbList\",\"@id\":\"https:\\\/\\\/www.historisches-bahnwasserkraftwerk-kammerl.de\\\/?page_id=134#breadcrumb\",\"itemListElement\":[{\"@type\":\"ListItem\",\"position\":1,\"name\":\"Startseite\",\"item\":\"https:\\\/\\\/www.historisches-bahnwasserkraftwerk-kammerl.de\\\/\"},{\"@type\":\"ListItem\",\"position\":2,\"name\":\"Impressum\"}]},{\"@type\":\"WebSite\",\"@id\":\"https:\\\/\\\/www.historisches-bahnwasserkraftwerk-kammerl.de\\\/#website\",\"url\":\"https:\\\/\\\/www.historisches-bahnwasserkraftwerk-kammerl.de\\\/\",\"name\":\"F\u00f6rderverein historisches Bahnwasserkraftwerk Kammerl e.V.\",\"description\":\"\",\"publisher\":{\"@id\":\"https:\\\/\\\/www.historisches-bahnwasserkraftwerk-kammerl.de\\\/#\\\/schema\\\/person\\\/a18f442131b7bc4e5e1d6b7890c31baf\"},\"potentialAction\":[{\"@type\":\"SearchAction\",\"target\":{\"@type\":\"EntryPoint\",\"urlTemplate\":\"https:\\\/\\\/www.historisches-bahnwasserkraftwerk-kammerl.de\\\/?s={search_term_string}\"},\"query-input\":{\"@type\":\"PropertyValueSpecification\",\"valueRequired\":true,\"valueName\":\"search_term_string\"}}],\"inLanguage\":\"de\"},{\"@type\":[\"Person\",\"Organization\"],\"@id\":\"https:\\\/\\\/www.historisches-bahnwasserkraftwerk-kammerl.de\\\/#\\\/schema\\\/person\\\/a18f442131b7bc4e5e1d6b7890c31baf\",\"name\":\"Webmaster\",\"image\":{\"@type\":\"ImageObject\",\"inLanguage\":\"de\",\"@id\":\"https:\\\/\\\/www.historisches-bahnwasserkraftwerk-kammerl.de\\\/wp-content\\\/uploads\\\/2026\\\/03\\\/cropped-FV-Kammerl_Logo_neu-1.png\",\"url\":\"https:\\\/\\\/www.historisches-bahnwasserkraftwerk-kammerl.de\\\/wp-content\\\/uploads\\\/2026\\\/03\\\/cropped-FV-Kammerl_Logo_neu-1.png\",\"contentUrl\":\"https:\\\/\\\/www.historisches-bahnwasserkraftwerk-kammerl.de\\\/wp-content\\\/uploads\\\/2026\\\/03\\\/cropped-FV-Kammerl_Logo_neu-1.png\",\"width\":300,\"height\":79,\"caption\":\"Webmaster\"},\"logo\":{\"@id\":\"https:\\\/\\\/www.historisches-bahnwasserkraftwerk-kammerl.de\\\/wp-content\\\/uploads\\\/2026\\\/03\\\/cropped-FV-Kammerl_Logo_neu-1.png\"}}]}<\/script>\n<!-- \/ Yoast SEO plugin. -->","yoast_head_json":{"title":"Impressum - F\u00f6rderverein historisches Bahn-Wasserkraftwerk Kammerl e.V.","robots":{"index":"index","follow":"follow","max-snippet":"max-snippet:-1","max-image-preview":"max-image-preview:large","max-video-preview":"max-video-preview:-1"},"canonical":"https:\/\/www.historisches-bahnwasserkraftwerk-kammerl.de\/?page_id=134","og_locale":"de_DE","og_type":"article","og_title":"Impressum - F\u00f6rderverein historisches Bahn-Wasserkraftwerk Kammerl e.V.","og_description":"Angaben gem\u00e4\u00df \u00a7 5 TMG F\u00f6rderverein historisches Bahn-Wasserkraftwerk Kammerl e. V.Gesch\u00e4ftsstelle:Heubergstr. 1082496 Oberau Vereinsregister: VR 208287 Registergericht: Amtsgericht M\u00fcnchen Vertreten &hellip; Continue reading &gt;Impressum","og_url":"https:\/\/www.historisches-bahnwasserkraftwerk-kammerl.de\/?page_id=134","og_site_name":"F\u00f6rderverein historisches Bahn-Wasserkraftwerk Kammerl e.V.","article_modified_time":"2026-02-24T17:24:43+00:00","twitter_card":"summary_large_image","twitter_misc":{"Gesch\u00e4tzte Lesezeit":"2\u00a0Minuten"},"schema":{"@context":"https:\/\/schema.org","@graph":[{"@type":"WebPage","@id":"https:\/\/www.historisches-bahnwasserkraftwerk-kammerl.de\/?page_id=134","url":"https:\/\/www.historisches-bahnwasserkraftwerk-kammerl.de\/?page_id=134","name":"Impressum - F\u00f6rderverein historisches Bahn-Wasserkraftwerk Kammerl e.V.","isPartOf":{"@id":"https:\/\/www.historisches-bahnwasserkraftwerk-kammerl.de\/#website"},"datePublished":"2019-09-15T13:31:06+00:00","dateModified":"2026-02-24T17:24:43+00:00","breadcrumb":{"@id":"https:\/\/www.historisches-bahnwasserkraftwerk-kammerl.de\/?page_id=134#breadcrumb"},"inLanguage":"de","potentialAction":[{"@type":"ReadAction","target":["https:\/\/www.historisches-bahnwasserkraftwerk-kammerl.de\/?page_id=134"]}]},{"@type":"BreadcrumbList","@id":"https:\/\/www.historisches-bahnwasserkraftwerk-kammerl.de\/?page_id=134#breadcrumb","itemListElement":[{"@type":"ListItem","position":1,"name":"Startseite","item":"https:\/\/www.historisches-bahnwasserkraftwerk-kammerl.de\/"},{"@type":"ListItem","position":2,"name":"Impressum"}]},{"@type":"WebSite","@id":"https:\/\/www.historisches-bahnwasserkraftwerk-kammerl.de\/#website","url":"https:\/\/www.historisches-bahnwasserkraftwerk-kammerl.de\/","name":"F\u00f6rderverein historisches Bahnwasserkraftwerk Kammerl e.V.","description":"","publisher":{"@id":"https:\/\/www.historisches-bahnwasserkraftwerk-kammerl.de\/#\/schema\/person\/a18f442131b7bc4e5e1d6b7890c31baf"},"potentialAction":[{"@type":"SearchAction","target":{"@type":"EntryPoint","urlTemplate":"https:\/\/www.historisches-bahnwasserkraftwerk-kammerl.de\/?s={search_term_string}"},"query-input":{"@type":"PropertyValueSpecification","valueRequired":true,"valueName":"search_term_string"}}],"inLanguage":"de"},{"@type":["Person","Organization"],"@id":"https:\/\/www.historisches-bahnwasserkraftwerk-kammerl.de\/#\/schema\/person\/a18f442131b7bc4e5e1d6b7890c31baf","name":"Webmaster","image":{"@type":"ImageObject","inLanguage":"de","@id":"https:\/\/www.historisches-bahnwasserkraftwerk-kammerl.de\/wp-content\/uploads\/2026\/03\/cropped-FV-Kammerl_Logo_neu-1.png","url":"https:\/\/www.historisches-bahnwasserkraftwerk-kammerl.de\/wp-content\/uploads\/2026\/03\/cropped-FV-Kammerl_Logo_neu-1.png","contentUrl":"https:\/\/www.historisches-bahnwasserkraftwerk-kammerl.de\/wp-content\/uploads\/2026\/03\/cropped-FV-Kammerl_Logo_neu-1.png","width":300,"height":79,"caption":"Webmaster"},"logo":{"@id":"https:\/\/www.historisches-bahnwasserkraftwerk-kammerl.de\/wp-content\/uploads\/2026\/03\/cropped-FV-Kammerl_Logo_neu-1.png"}}]}},"_links":{"self":[{"href":"https:\/\/www.historisches-bahnwasserkraftwerk-kammerl.de\/index.php?rest_route=\/wp\/v2\/pages\/134","targetHints":{"allow":["GET"]}}],"collection":[{"href":"https:\/\/www.historisches-bahnwasserkraftwerk-kammerl.de\/index.php?rest_route=\/wp\/v2\/pages"}],"about":[{"href":"https:\/\/www.historisches-bahnwasserkraftwerk-kammerl.de\/index.php?rest_route=\/wp\/v2\/types\/page"}],"author":[{"embeddable":true,"href":"https:\/\/www.historisches-bahnwasserkraftwerk-kammerl.de\/index.php?rest_route=\/wp\/v2\/users\/1"}],"replies":[{"embeddable":true,"href":"https:\/\/www.historisches-bahnwasserkraftwerk-kammerl.de\/index.php?rest_route=%2Fwp%2Fv2%2Fcomments&post=134"}],"version-history":[{"count":10,"href":"https:\/\/www.historisches-bahnwasserkraftwerk-kammerl.de\/index.php?rest_route=\/wp\/v2\/pages\/134\/revisions"}],"predecessor-version":[{"id":533,"href":"https:\/\/www.historisches-bahnwasserkraftwerk-kammerl.de\/index.php?rest_route=\/wp\/v2\/pages\/134\/revisions\/533"}],"wp:attachment":[{"href":"https:\/\/www.historisches-bahnwasserkraftwerk-kammerl.de\/index.php?rest_route=%2Fwp%2Fv2%2Fmedia&parent=134"}],"curies":[{"name":"wp","href":"https:\/\/api.w.org\/{rel}","templated":true}]}}