{"id":109,"date":"2019-09-07T12:32:03","date_gmt":"2019-09-07T10:32:03","guid":{"rendered":"http:\/\/www.historisches-bahnwasserkraftwerk-kammerl.de\/?page_id=109"},"modified":"2025-03-16T09:00:09","modified_gmt":"2025-03-16T08:00:09","slug":"https-www-historisches-bahnwasserkraftwerk-kammerl-de-page_id109","status":"publish","type":"page","link":"https:\/\/www.historisches-bahnwasserkraftwerk-kammerl.de\/?page_id=109","title":{"rendered":"Die Bedeutung des Kraftwerks"},"content":{"rendered":"\n<p>Der historische Teil des &#8222;Kammerls&#8220; ist in mehrerlei Hinsicht etwas ganz Besonderes.<br>Zum einem war es bei seiner Stilllegung, mit weit mehr als 100 Jahren, das weltweit dienst\u00e4lteste Bahnstromkraftwerk.<br>Viel bedeutsamer ist jedoch, dass 1904 von diesem Kraftwerk und der daran angeschlossenen Bahnstrecke Murnau-Oberammergau eine technische Revolution ausging. Die Erzeugung und Anwendung von niederfrequentem Wechselstrom f\u00fcr die elektrische Zugf\u00f6rderung. <br>Somit ist auf der Strecke Murnau-Oberammergau erstmals das Stromsystem zum Einsatz gekommen, welches noch heute verwendet wird.<\/p>\n\n\n\n<p>Diese Technik findet man heute nicht nur in Deutschland. Diese geniale Idee der Pioniere von damals hat sich auch in einigen anderen L\u00e4ndern Europas durchgesetzt, z.B. \u00d6sterreich, Schweiz, Schweden und Norwegen.<\/p>\n\n\n\n<p>Nur dem Mut der damaligen Ingenieure ist es zu verdanken, dass dieses kleine und unscheinbare Kraftwerk in der Ammerschlucht einen so unglaublich wichtigen Beitrag zur modernen Elektromobilit\u00e4t leisten konnte. <br><br><\/p>\n","protected":false},"excerpt":{"rendered":"<p>Der historische Teil des &#8222;Kammerls&#8220; ist in mehrerlei Hinsicht etwas ganz Besonderes.Zum einem war es bei seiner Stilllegung, mit weit &hellip; <a href=\"https:\/\/www.historisches-bahnwasserkraftwerk-kammerl.de\/?page_id=109\" class=\"more-link\"><span class=\"more-button\">Continue reading &gt;<span class=\"screen-reader-text\">Die Bedeutung des Kraftwerks<\/span><\/span><\/a><\/p>\n","protected":false},"author":1,"featured_media":0,"parent":0,"menu_order":0,"comment_status":"closed","ping_status":"closed","template":"","meta":{"footnotes":""},"class_list":["post-109","page","type-page","status-publish","hentry"],"yoast_head":"<!-- This site is optimized with the Yoast SEO plugin v27.5 - https:\/\/yoast.com\/product\/yoast-seo-wordpress\/ -->\n<title>Die Bedeutung des Kraftwerks - F\u00f6rderverein historisches Bahn-Wasserkraftwerk Kammerl e.V.<\/title>\n<meta name=\"description\" content=\"niederfrequenter Wechselstrom, Bahnstrom, Bedeutung Kammerl f\u00fcr elektrische Zugf\u00f6rderung, elektrische Zugf\u00f6rderung. Bahstrom Deutschland Europa\" \/>\n<meta name=\"robots\" content=\"index, follow, max-snippet:-1, max-image-preview:large, max-video-preview:-1\" \/>\n<link rel=\"canonical\" href=\"https:\/\/www.historisches-bahnwasserkraftwerk-kammerl.de\/?page_id=109\" \/>\n<meta property=\"og:locale\" content=\"de_DE\" \/>\n<meta property=\"og:type\" content=\"article\" \/>\n<meta property=\"og:title\" content=\"Die Bedeutung des Kraftwerks - F\u00f6rderverein historisches Bahn-Wasserkraftwerk Kammerl e.V.\" \/>\n<meta property=\"og:description\" content=\"niederfrequenter Wechselstrom, Bahnstrom, Bedeutung Kammerl f\u00fcr elektrische Zugf\u00f6rderung, elektrische Zugf\u00f6rderung. Bahstrom Deutschland Europa\" \/>\n<meta property=\"og:url\" content=\"https:\/\/www.historisches-bahnwasserkraftwerk-kammerl.de\/?page_id=109\" \/>\n<meta property=\"og:site_name\" content=\"F\u00f6rderverein historisches Bahn-Wasserkraftwerk Kammerl e.V.\" \/>\n<meta property=\"article:modified_time\" content=\"2025-03-16T08:00:09+00:00\" \/>\n<meta name=\"twitter:card\" content=\"summary_large_image\" \/>\n<meta name=\"twitter:label1\" content=\"Gesch\u00e4tzte Lesezeit\" \/>\n\t<meta name=\"twitter:data1\" content=\"1\u00a0Minute\" \/>\n<script type=\"application\/ld+json\" class=\"yoast-schema-graph\">{\"@context\":\"https:\\\/\\\/schema.org\",\"@graph\":[{\"@type\":\"WebPage\",\"@id\":\"https:\\\/\\\/www.historisches-bahnwasserkraftwerk-kammerl.de\\\/?page_id=109\",\"url\":\"https:\\\/\\\/www.historisches-bahnwasserkraftwerk-kammerl.de\\\/?page_id=109\",\"name\":\"Die Bedeutung des Kraftwerks - F\u00f6rderverein historisches Bahn-Wasserkraftwerk Kammerl e.V.\",\"isPartOf\":{\"@id\":\"https:\\\/\\\/www.historisches-bahnwasserkraftwerk-kammerl.de\\\/#website\"},\"datePublished\":\"2019-09-07T10:32:03+00:00\",\"dateModified\":\"2025-03-16T08:00:09+00:00\",\"description\":\"niederfrequenter Wechselstrom, Bahnstrom, Bedeutung Kammerl f\u00fcr elektrische Zugf\u00f6rderung, elektrische Zugf\u00f6rderung. Bahstrom Deutschland Europa\",\"breadcrumb\":{\"@id\":\"https:\\\/\\\/www.historisches-bahnwasserkraftwerk-kammerl.de\\\/?page_id=109#breadcrumb\"},\"inLanguage\":\"de\",\"potentialAction\":[{\"@type\":\"ReadAction\",\"target\":[\"https:\\\/\\\/www.historisches-bahnwasserkraftwerk-kammerl.de\\\/?page_id=109\"]}]},{\"@type\":\"BreadcrumbList\",\"@id\":\"https:\\\/\\\/www.historisches-bahnwasserkraftwerk-kammerl.de\\\/?page_id=109#breadcrumb\",\"itemListElement\":[{\"@type\":\"ListItem\",\"position\":1,\"name\":\"Startseite\",\"item\":\"https:\\\/\\\/www.historisches-bahnwasserkraftwerk-kammerl.de\\\/\"},{\"@type\":\"ListItem\",\"position\":2,\"name\":\"Die Bedeutung des Kraftwerks\"}]},{\"@type\":\"WebSite\",\"@id\":\"https:\\\/\\\/www.historisches-bahnwasserkraftwerk-kammerl.de\\\/#website\",\"url\":\"https:\\\/\\\/www.historisches-bahnwasserkraftwerk-kammerl.de\\\/\",\"name\":\"F\u00f6rderverein historisches Bahnwasserkraftwerk Kammerl e.V.\",\"description\":\"\",\"publisher\":{\"@id\":\"https:\\\/\\\/www.historisches-bahnwasserkraftwerk-kammerl.de\\\/#\\\/schema\\\/person\\\/a18f442131b7bc4e5e1d6b7890c31baf\"},\"potentialAction\":[{\"@type\":\"SearchAction\",\"target\":{\"@type\":\"EntryPoint\",\"urlTemplate\":\"https:\\\/\\\/www.historisches-bahnwasserkraftwerk-kammerl.de\\\/?s={search_term_string}\"},\"query-input\":{\"@type\":\"PropertyValueSpecification\",\"valueRequired\":true,\"valueName\":\"search_term_string\"}}],\"inLanguage\":\"de\"},{\"@type\":[\"Person\",\"Organization\"],\"@id\":\"https:\\\/\\\/www.historisches-bahnwasserkraftwerk-kammerl.de\\\/#\\\/schema\\\/person\\\/a18f442131b7bc4e5e1d6b7890c31baf\",\"name\":\"Webmaster\",\"image\":{\"@type\":\"ImageObject\",\"inLanguage\":\"de\",\"@id\":\"https:\\\/\\\/www.historisches-bahnwasserkraftwerk-kammerl.de\\\/wp-content\\\/uploads\\\/2026\\\/03\\\/cropped-FV-Kammerl_Logo_neu-1.png\",\"url\":\"https:\\\/\\\/www.historisches-bahnwasserkraftwerk-kammerl.de\\\/wp-content\\\/uploads\\\/2026\\\/03\\\/cropped-FV-Kammerl_Logo_neu-1.png\",\"contentUrl\":\"https:\\\/\\\/www.historisches-bahnwasserkraftwerk-kammerl.de\\\/wp-content\\\/uploads\\\/2026\\\/03\\\/cropped-FV-Kammerl_Logo_neu-1.png\",\"width\":300,\"height\":79,\"caption\":\"Webmaster\"},\"logo\":{\"@id\":\"https:\\\/\\\/www.historisches-bahnwasserkraftwerk-kammerl.de\\\/wp-content\\\/uploads\\\/2026\\\/03\\\/cropped-FV-Kammerl_Logo_neu-1.png\"}}]}<\/script>\n<!-- \/ Yoast SEO plugin. -->","yoast_head_json":{"title":"Die Bedeutung des Kraftwerks - F\u00f6rderverein historisches Bahn-Wasserkraftwerk Kammerl e.V.","description":"niederfrequenter Wechselstrom, Bahnstrom, Bedeutung Kammerl f\u00fcr elektrische Zugf\u00f6rderung, elektrische Zugf\u00f6rderung. Bahstrom Deutschland Europa","robots":{"index":"index","follow":"follow","max-snippet":"max-snippet:-1","max-image-preview":"max-image-preview:large","max-video-preview":"max-video-preview:-1"},"canonical":"https:\/\/www.historisches-bahnwasserkraftwerk-kammerl.de\/?page_id=109","og_locale":"de_DE","og_type":"article","og_title":"Die Bedeutung des Kraftwerks - F\u00f6rderverein historisches Bahn-Wasserkraftwerk Kammerl e.V.","og_description":"niederfrequenter Wechselstrom, Bahnstrom, Bedeutung Kammerl f\u00fcr elektrische Zugf\u00f6rderung, elektrische Zugf\u00f6rderung. Bahstrom Deutschland Europa","og_url":"https:\/\/www.historisches-bahnwasserkraftwerk-kammerl.de\/?page_id=109","og_site_name":"F\u00f6rderverein historisches Bahn-Wasserkraftwerk Kammerl e.V.","article_modified_time":"2025-03-16T08:00:09+00:00","twitter_card":"summary_large_image","twitter_misc":{"Gesch\u00e4tzte Lesezeit":"1\u00a0Minute"},"schema":{"@context":"https:\/\/schema.org","@graph":[{"@type":"WebPage","@id":"https:\/\/www.historisches-bahnwasserkraftwerk-kammerl.de\/?page_id=109","url":"https:\/\/www.historisches-bahnwasserkraftwerk-kammerl.de\/?page_id=109","name":"Die Bedeutung des Kraftwerks - F\u00f6rderverein historisches Bahn-Wasserkraftwerk Kammerl e.V.","isPartOf":{"@id":"https:\/\/www.historisches-bahnwasserkraftwerk-kammerl.de\/#website"},"datePublished":"2019-09-07T10:32:03+00:00","dateModified":"2025-03-16T08:00:09+00:00","description":"niederfrequenter Wechselstrom, Bahnstrom, Bedeutung Kammerl f\u00fcr elektrische Zugf\u00f6rderung, elektrische Zugf\u00f6rderung. Bahstrom Deutschland Europa","breadcrumb":{"@id":"https:\/\/www.historisches-bahnwasserkraftwerk-kammerl.de\/?page_id=109#breadcrumb"},"inLanguage":"de","potentialAction":[{"@type":"ReadAction","target":["https:\/\/www.historisches-bahnwasserkraftwerk-kammerl.de\/?page_id=109"]}]},{"@type":"BreadcrumbList","@id":"https:\/\/www.historisches-bahnwasserkraftwerk-kammerl.de\/?page_id=109#breadcrumb","itemListElement":[{"@type":"ListItem","position":1,"name":"Startseite","item":"https:\/\/www.historisches-bahnwasserkraftwerk-kammerl.de\/"},{"@type":"ListItem","position":2,"name":"Die Bedeutung des Kraftwerks"}]},{"@type":"WebSite","@id":"https:\/\/www.historisches-bahnwasserkraftwerk-kammerl.de\/#website","url":"https:\/\/www.historisches-bahnwasserkraftwerk-kammerl.de\/","name":"F\u00f6rderverein historisches Bahnwasserkraftwerk Kammerl e.V.","description":"","publisher":{"@id":"https:\/\/www.historisches-bahnwasserkraftwerk-kammerl.de\/#\/schema\/person\/a18f442131b7bc4e5e1d6b7890c31baf"},"potentialAction":[{"@type":"SearchAction","target":{"@type":"EntryPoint","urlTemplate":"https:\/\/www.historisches-bahnwasserkraftwerk-kammerl.de\/?s={search_term_string}"},"query-input":{"@type":"PropertyValueSpecification","valueRequired":true,"valueName":"search_term_string"}}],"inLanguage":"de"},{"@type":["Person","Organization"],"@id":"https:\/\/www.historisches-bahnwasserkraftwerk-kammerl.de\/#\/schema\/person\/a18f442131b7bc4e5e1d6b7890c31baf","name":"Webmaster","image":{"@type":"ImageObject","inLanguage":"de","@id":"https:\/\/www.historisches-bahnwasserkraftwerk-kammerl.de\/wp-content\/uploads\/2026\/03\/cropped-FV-Kammerl_Logo_neu-1.png","url":"https:\/\/www.historisches-bahnwasserkraftwerk-kammerl.de\/wp-content\/uploads\/2026\/03\/cropped-FV-Kammerl_Logo_neu-1.png","contentUrl":"https:\/\/www.historisches-bahnwasserkraftwerk-kammerl.de\/wp-content\/uploads\/2026\/03\/cropped-FV-Kammerl_Logo_neu-1.png","width":300,"height":79,"caption":"Webmaster"},"logo":{"@id":"https:\/\/www.historisches-bahnwasserkraftwerk-kammerl.de\/wp-content\/uploads\/2026\/03\/cropped-FV-Kammerl_Logo_neu-1.png"}}]}},"_links":{"self":[{"href":"https:\/\/www.historisches-bahnwasserkraftwerk-kammerl.de\/index.php?rest_route=\/wp\/v2\/pages\/109","targetHints":{"allow":["GET"]}}],"collection":[{"href":"https:\/\/www.historisches-bahnwasserkraftwerk-kammerl.de\/index.php?rest_route=\/wp\/v2\/pages"}],"about":[{"href":"https:\/\/www.historisches-bahnwasserkraftwerk-kammerl.de\/index.php?rest_route=\/wp\/v2\/types\/page"}],"author":[{"embeddable":true,"href":"https:\/\/www.historisches-bahnwasserkraftwerk-kammerl.de\/index.php?rest_route=\/wp\/v2\/users\/1"}],"replies":[{"embeddable":true,"href":"https:\/\/www.historisches-bahnwasserkraftwerk-kammerl.de\/index.php?rest_route=%2Fwp%2Fv2%2Fcomments&post=109"}],"version-history":[{"count":10,"href":"https:\/\/www.historisches-bahnwasserkraftwerk-kammerl.de\/index.php?rest_route=\/wp\/v2\/pages\/109\/revisions"}],"predecessor-version":[{"id":497,"href":"https:\/\/www.historisches-bahnwasserkraftwerk-kammerl.de\/index.php?rest_route=\/wp\/v2\/pages\/109\/revisions\/497"}],"wp:attachment":[{"href":"https:\/\/www.historisches-bahnwasserkraftwerk-kammerl.de\/index.php?rest_route=%2Fwp%2Fv2%2Fmedia&parent=109"}],"curies":[{"name":"wp","href":"https:\/\/api.w.org\/{rel}","templated":true}]}}